{"id":8,"date":"2016-07-28T09:32:49","date_gmt":"2016-07-28T07:32:49","guid":{"rendered":"https:\/\/mobility.optimum-automotive.com\/?page_id=8"},"modified":"2023-04-11T15:56:17","modified_gmt":"2023-04-11T13:56:17","slug":"mentions-legales","status":"publish","type":"page","link":"https:\/\/booster.optimum-automotive.com\/pt\/mentions-legales\/","title":{"rendered":"Informa\u00e7\u00e3o legal"},"content":{"rendered":"<p>Por favor, leia atentamente estes termos de utiliza\u00e7\u00e3o antes de utilizar este site. Ao acessar este site, voc\u00ea aceita estes termos e condi\u00e7\u00f5es sem reservas.<\/p>\n<h2>Le site booster.optimum-automotive.com est la propri\u00e9t\u00e9 de :<\/h2>\n<p><strong>Optimum Automotive<\/strong><br \/>Tel: +33 1 70 20 02 64<br \/>E-mail : <a href=\"mailto:contact@optimum-automotive.com\">contact@optimum-automotive.com<\/a><br \/>SAS com um capital de 501 500 euros. <br \/>RCS Aix-en-Provence 830 841 235<br \/>N\u00famero de IVA intracomunit\u00e1rio: FR77830841235<br \/>Representante legal: Daniel VASSALLUCCI - CEO<br \/>Diretor de Publica\u00e7\u00e3o: Franck GAULTIER - Diretor de Marketing e Comunica\u00e7\u00e3o<\/p>\n<h2>Criador e editor do site<\/h2>\n<p>Website criado por Optimum Automotive<\/p>\n<h2>Condi\u00e7\u00f5es de uso<\/h2>\n<p>O site \u00e9 operado de acordo com a lei francesa. A utiliza\u00e7\u00e3o deste site \u00e9 regida pelas presentes condi\u00e7\u00f5es gerais. <a href=\"https:\/\/transports-andco.com\/\">\u00a0<\/a> Ao utilizar o site, voc\u00ea reconhece que leu e aceitou estas condi\u00e7\u00f5es. Estas condi\u00e7\u00f5es podem ser modificadas a qualquer momento e sem aviso pr\u00e9vio pela editora do site.<br \/>O propriet\u00e1rio do site n\u00e3o pode ser responsabilizado de forma alguma pela m\u00e1 utiliza\u00e7\u00e3o do servi\u00e7o.<\/p>\n<h2>Limita\u00e7\u00e3o de responsabilidade<\/h2>\n<p>As informa\u00e7\u00f5es contidas neste site s\u00e3o t\u00e3o precisas quanto poss\u00edvel e o site \u00e9 atualizado periodicamente, mas pode conter imprecis\u00f5es, omiss\u00f5es ou lacunas. Se voc\u00ea notar uma falha, erro ou o que parece ser um mau funcionamento, por favor informe por e-mail, descrevendo o problema da forma mais precisa poss\u00edvel (p\u00e1gina causando o problema, a\u00e7\u00e3o acionadora, tipo de computador e navegador utilizado, etc.).<\/p>\n<p>Qualquer conte\u00fado baixado \u00e9 feito por conta e risco do pr\u00f3prio usu\u00e1rio e sob sua exclusiva responsabilidade. Consequentemente, o propriet\u00e1rio do site n\u00e3o pode ser responsabilizado por qualquer dano ao computador do usu\u00e1rio ou qualquer perda de dados resultante do download.<\/p>\n<p>As fotos n\u00e3o s\u00e3o contratuais.<\/p>\n<p>Os links de hipertexto criados no \u00e2mbito do presente site para outros recursos presentes na rede Internet n\u00e3o podem envolver a responsabilidade do propriet\u00e1rio do site<\/p>\n<h2>Contencioso<\/h2>\n<p>As presentes condi\u00e7\u00f5es s\u00e3o regidas pela lei francesa e qualquer disputa ou lit\u00edgio que possa surgir da interpreta\u00e7\u00e3o ou execu\u00e7\u00e3o destas condi\u00e7\u00f5es estar\u00e1 sob a jurisdi\u00e7\u00e3o exclusiva dos tribunais dos quais depende a sede social do propriet\u00e1rio do site. A l\u00edngua de refer\u00eancia para a resolu\u00e7\u00e3o de quaisquer lit\u00edgios \u00e9 o franc\u00eas.<\/p>\n<h2>Direito de acesso<\/h2>\n<p>Em aplica\u00e7\u00e3o desta lei, os utilizadores da Internet t\u00eam o direito de aceder, rectificar, modificar e apagar pessoalmente os dados que lhes dizem respeito. Este direito pode ser exercido entrando em contato com o gerente do site: <a href=\"mailto:contact@optimum-automotive.com\">Contate o gerente<\/a>.<br \/>As informa\u00e7\u00f5es pessoais recolhidas n\u00e3o s\u00e3o, em caso algum, confiadas a terceiros, excepto para a eventual execu\u00e7\u00e3o correcta do servi\u00e7o encomendado pelo utilizador da Internet.<\/p>\n<h2>Privacidade<\/h2>\n<p>Os seus dados pessoais s\u00e3o confidenciais e n\u00e3o ser\u00e3o comunicados a terceiros, excepto para a correcta execu\u00e7\u00e3o do servi\u00e7o.<\/p>\n<h2>Propriedade intelectual<\/h2>\n<p>Para qualquer pedido de autoriza\u00e7\u00e3o ou informa\u00e7\u00e3o, por favor contacte-nos: <a href=\"mailto:contact@optimum-automotive.com\">contato<\/a>. Est\u00e3o previstas condi\u00e7\u00f5es espec\u00edficas para a imprensa.<\/p>\n<p>Algumas ilustra\u00e7\u00f5es foram adquiridas em stock.adobe.com.<\/p>\n<h2>Hiperliga\u00e7\u00f5es<\/h2>\n<p>O website pode oferecer links para outros websites ou outros recursos dispon\u00edveis na Internet.<\/p>\n<p>O propriet\u00e1rio do site n\u00e3o tem meios de controlar os sites ligados aos seus sites. O propriet\u00e1rio do site n\u00e3o garante a disponibilidade de tais sites e fontes externas. N\u00e3o pode ser responsabilizada por qualquer dano, de qualquer natureza, resultante do conte\u00fado destes sites ou fontes externas e, em particular, das informa\u00e7\u00f5es, produtos ou servi\u00e7os que oferecem, ou de qualquer uso que possa ser feito destes elementos. Os riscos associados a esta utiliza\u00e7\u00e3o s\u00e3o da inteira responsabilidade do utilizador da Internet, que deve cumprir as suas condi\u00e7\u00f5es de utiliza\u00e7\u00e3o.<\/p>\n\n\n<h2 class=\"wp-block-heading\">Biscoitos<\/h2>\n\n\n\n<p>Este site utiliza cookies - pequenos ficheiros de texto que s\u00e3o colocados na sua m\u00e1quina para ajudar o site a proporcionar uma melhor experi\u00eancia ao utilizador. Em geral, os cookies s\u00e3o usados para acompanhar as prefer\u00eancias do usu\u00e1rio, armazenar informa\u00e7\u00f5es para coisas como carrinhos de compras e fornecer dados de rastreamento an\u00f4nimos para aplicativos de terceiros, como o Google Analytics. Em geral, os cookies ir\u00e3o melhorar a sua experi\u00eancia de navega\u00e7\u00e3o. No entanto, voc\u00ea pode preferir desativar os cookies neste e em outros sites.  A forma mais eficaz \u00e9 desactivar os cookies no seu navegador.<\/p>\n\n\n\n<div style=\"height:50px\" aria-hidden=\"true\" class=\"wp-block-spacer\"><\/div>","protected":false},"excerpt":{"rendered":"<p>Merci de lire attentivement les pr\u00e9sentes modalit\u00e9s d\u2019utilisation du pr\u00e9sent site avant de le parcourir. En vous connectant sur ce site, vous acceptez sans r\u00e9serve les pr\u00e9sentes modalit\u00e9s. Le site booster.optimum-automotive.com est la propri\u00e9t\u00e9 de : Optimum AutomotiveT\u00e9l\u202f: +33 1 70 20 02 64E-mail\u00a0: contact@optimum-automotive.comSAS au capital de 501 500\u20ac RCS Aix-en-Provence 830 841 235N\u00b0 [&hellip;]<\/p>","protected":false},"author":12,"featured_media":0,"parent":0,"menu_order":0,"comment_status":"closed","ping_status":"closed","template":"","meta":{"_coblocks_attr":"","_coblocks_dimensions":"","_coblocks_responsive_height":"","_coblocks_accordion_ie_support":"","_uag_custom_page_level_css":"","footnotes":""},"uagb_featured_image_src":{"full":false,"thumbnail":false,"medium":false,"medium_large":false,"large":false,"1536x1536":false,"2048x2048":false,"trp-custom-language-flag":false},"uagb_author_info":{"display_name":"Camaleon","author_link":"https:\/\/booster.optimum-automotive.com\/pt\/author\/camaleon\/"},"uagb_comment_info":0,"uagb_excerpt":"Merci de lire attentivement les pr\u00e9sentes modalit\u00e9s d\u2019utilisation du pr\u00e9sent site avant de le parcourir. En vous connectant sur ce site, vous acceptez sans r\u00e9serve les pr\u00e9sentes modalit\u00e9s. Le site booster.optimum-automotive.com est la propri\u00e9t\u00e9 de : Optimum AutomotiveT\u00e9l\u202f: +33 1 70 20 02 64E-mail\u00a0: contact@optimum-automotive.comSAS au capital de 501 500\u20ac RCS Aix-en-Provence 830 841 235N\u00b0&hellip;","_links":{"self":[{"href":"https:\/\/booster.optimum-automotive.com\/pt\/wp-json\/wp\/v2\/pages\/8"}],"collection":[{"href":"https:\/\/booster.optimum-automotive.com\/pt\/wp-json\/wp\/v2\/pages"}],"about":[{"href":"https:\/\/booster.optimum-automotive.com\/pt\/wp-json\/wp\/v2\/types\/page"}],"author":[{"embeddable":true,"href":"https:\/\/booster.optimum-automotive.com\/pt\/wp-json\/wp\/v2\/users\/12"}],"replies":[{"embeddable":true,"href":"https:\/\/booster.optimum-automotive.com\/pt\/wp-json\/wp\/v2\/comments?post=8"}],"version-history":[{"count":12,"href":"https:\/\/booster.optimum-automotive.com\/pt\/wp-json\/wp\/v2\/pages\/8\/revisions"}],"predecessor-version":[{"id":4140,"href":"https:\/\/booster.optimum-automotive.com\/pt\/wp-json\/wp\/v2\/pages\/8\/revisions\/4140"}],"wp:attachment":[{"href":"https:\/\/booster.optimum-automotive.com\/pt\/wp-json\/wp\/v2\/media?parent=8"}],"curies":[{"name":"wp","href":"https:\/\/api.w.org\/{rel}","templated":true}]}}