{"id":206,"date":"2020-02-11T16:53:24","date_gmt":"2020-02-11T15:53:24","guid":{"rendered":"https:\/\/mobility.optimum-automotive.com\/?page_id=206"},"modified":"2022-04-28T15:40:52","modified_gmt":"2022-04-28T13:40:52","slug":"politique-de-confidentialite","status":"publish","type":"page","link":"https:\/\/booster.optimum-automotive.com\/pt\/politique-de-confidentialite\/","title":{"rendered":"Pol\u00edtica de Privacidade"},"content":{"rendered":"<h2 class=\"wp-block-heading\">Utiliza\u00e7\u00e3o de Cookies<\/h2>\n\n\n\n<p>Cette politique de cookies explique ce que sont les cookies et comment nous les utilisons.&nbsp;Vous devriez lire cette politique afin que vous puissiez comprendre quel type de cookies nous utilisons, ou les informations que nous collectons \u00e0 l&rsquo;aide de cookies et comment ces informations sont utilis\u00e9es.<\/p>\n\n\n\n<p>Les cookies ne contiennent g\u00e9n\u00e9ralement aucune information permettant d&rsquo;identifier personnellement un utilisateur, mais les informations personnelles que nous stockons \u00e0 votre sujet peuvent \u00eatre li\u00e9es aux informations stock\u00e9es et obtenues \u00e0 partir des cookies.&nbsp;Nous ne stockons pas d&rsquo;informations personnelles sensibles, telles que les adresses postales, les mots de passe de compte, etc. dans les cookies que nous utilisons.<\/p>\n\n\n\n<h3 class=\"wp-block-heading\">Tipo de cookies que utilizamos<\/h3>\n\n\n\n<p>Les cookies peuvent \u00eatre des cookies \u00ab&nbsp;persistants&nbsp;\u00bb ou \u00ab&nbsp;de session&nbsp;\u00bb.&nbsp;Les cookies persistants restent sur votre ordinateur personnel ou votre appareil mobile lorsque vous vous d\u00e9connectez, tandis que les cookies de session sont supprim\u00e9s d\u00e8s que vous fermez votre navigateur Web.<\/p>\n\n\n\n<p>Nous utilisons \u00e0 la fois des cookies de session et des cookies persistants aux fins d\u00e9crites ci-dessous&nbsp;:<\/p>\n\n\n\n<p><strong>Biscoitos necess\u00e1rios \/ essenciais<\/strong><\/p>\n\n\n\n<ul class=\"is-style-default\"><li>Type&nbsp;: Cookies de session<\/li><li>Administrado por : N\u00f3s<\/li><li>Finalit\u00e9 : Ces Cookies sont essentiels pour Vous fournir les services disponibles sur le Site Internet et pour Vous permettre d&rsquo;utiliser certaines de ses fonctionnalit\u00e9s.&nbsp;Ils aident \u00e0 authentifier les utilisateurs et \u00e0 emp\u00eacher l&rsquo;utilisation frauduleuse des comptes d&rsquo;utilisateurs.&nbsp;Sans ces cookies, les services que vous avez demand\u00e9s ne peuvent pas \u00eatre fournis, et nous n&rsquo;utilisons ces cookies que pour vous fournir ces services.<\/li><\/ul>\n\n\n\n<p><strong>Cookies de funcionalidade<\/strong><\/p>\n\n\n\n<ul class=\"is-style-default\"><li>Tipo: Cookies persistentes<\/li><li>Administrado por : N\u00f3s<\/li><li>Objectivo: Estes cookies permitem-nos recordar as escolhas que faz ao utilizar o website, tais como lembrar as suas informa\u00e7\u00f5es de login ou a sua prefer\u00eancia lingu\u00edstica. O objectivo destes Cookies \u00e9 proporcionar-lhe uma experi\u00eancia mais pessoal e evitar que tenha de reintroduzir as suas prefer\u00eancias cada vez que utilizar o Website.<\/li><\/ul>\n\n\n\n<h2 class=\"wp-block-heading\">As suas escolhas em rela\u00e7\u00e3o aos cookies<\/h2>\n\n\n\n<p>Se preferir evitar a utiliza\u00e7\u00e3o de cookies no website, dever\u00e1 primeiro desactivar a utiliza\u00e7\u00e3o de cookies no seu browser e depois apagar quaisquer cookies armazenados no seu browser associados a este website. Pode utilizar esta op\u00e7\u00e3o para impedir a utiliza\u00e7\u00e3o de cookies em qualquer altura.<\/p>\n\n\n\n<p>Se n\u00e3o aceitar os nossos cookies, poder\u00e1 sentir inconvenientes na utiliza\u00e7\u00e3o do website e algumas funcionalidades poder\u00e3o n\u00e3o funcionar correctamente.<\/p>\n\n\n\n<p>Se desejar eliminar cookies ou fazer com que o seu navegador web elimine ou recuse cookies, por favor visite as p\u00e1ginas de ajuda do seu navegador web.<\/p>\n\n\n\n<p><\/p>\n\n\n\n<ul class=\"is-style-default\"><li>Para o navegador Chrome, por favor visite esta p\u00e1gina do Google: <a href=\"https:\/\/support.google.com\/accounts\/answer\/32050\" target=\"_blank\" rel=\"noreferrer noopener\">https:\/\/support.google.com\/accounts\/answer\/32050<\/a><\/li><li>Para o browser Internet Explorer, visite por favor esta p\u00e1gina da Microsoft: <a href=\"http:\/\/support.microsoft.com\/kb\/278835\" target=\"_blank\" rel=\"noreferrer noopener\">http:\/\/support.microsoft.com\/kb\/278835<\/a><\/li><li>Para o web browser Firefox, visite por favor esta p\u00e1gina Mozilla: <a href=\"https:\/\/support.mozilla.org\/en-US\/kb\/delete-cookies-remove-info-websites-stored\" target=\"_blank\" rel=\"noreferrer noopener\">https:\/\/support.mozilla.org\/en-US\/kb\/delete-cookies-remove-info-websites-stored<\/a><\/li><li>Para o navegador Safari, por favor visite esta p\u00e1gina da Apple: <a href=\"https:\/\/support.apple.com\/guide\/safari\/manage-cookies-and-website-data-sfri11471\/mac\" target=\"_blank\" rel=\"noreferrer noopener\">https:\/\/support.apple.com\/guide\/safari\/manage-cookies-and-website-data-sfri11471\/mac<\/a><\/li><\/ul>\n\n\n\n<p>Para todos os outros navegadores web, visite as p\u00e1ginas web oficiais do seu navegador web.<\/p>\n\n\n\n<h2 class=\"wp-block-heading\">Contacte-nos<\/h2>\n\n\n\n<p>Se tiver alguma d\u00favida sobre esta pol\u00edtica de cookies, pode contactar-nos <a href=\"https:\/\/booster.optimum-automotive.com\/pt\/\">contacte-nos, clicando aqui<\/a>.<\/p>\n\n\n\n<div style=\"height:50px\" aria-hidden=\"true\" class=\"wp-block-spacer\"><\/div>","protected":false},"excerpt":{"rendered":"<p>L&rsquo;utilisation des Cookies Cette politique de cookies explique ce que sont les cookies et comment nous les utilisons.&nbsp;Vous devriez lire cette politique afin que vous puissiez comprendre quel type de cookies nous utilisons, ou les informations que nous collectons \u00e0 l&rsquo;aide de cookies et comment ces informations sont utilis\u00e9es. Les cookies ne contiennent g\u00e9n\u00e9ralement aucune [&hellip;]<\/p>","protected":false},"author":12,"featured_media":0,"parent":0,"menu_order":0,"comment_status":"closed","ping_status":"closed","template":"","meta":{"_coblocks_attr":"","_coblocks_dimensions":"","_coblocks_responsive_height":"","_coblocks_accordion_ie_support":"","_uag_custom_page_level_css":"","footnotes":""},"uagb_featured_image_src":{"full":false,"thumbnail":false,"medium":false,"medium_large":false,"large":false,"1536x1536":false,"2048x2048":false,"trp-custom-language-flag":false},"uagb_author_info":{"display_name":"Camaleon","author_link":"https:\/\/booster.optimum-automotive.com\/pt\/author\/camaleon\/"},"uagb_comment_info":0,"uagb_excerpt":"L&rsquo;utilisation des Cookies Cette politique de cookies explique ce que sont les cookies et comment nous les utilisons.&nbsp;Vous devriez lire cette politique afin que vous puissiez comprendre quel type de cookies nous utilisons, ou les informations que nous collectons \u00e0 l&rsquo;aide de cookies et comment ces informations sont utilis\u00e9es. Les cookies ne contiennent g\u00e9n\u00e9ralement aucune&hellip;","_links":{"self":[{"href":"https:\/\/booster.optimum-automotive.com\/pt\/wp-json\/wp\/v2\/pages\/206"}],"collection":[{"href":"https:\/\/booster.optimum-automotive.com\/pt\/wp-json\/wp\/v2\/pages"}],"about":[{"href":"https:\/\/booster.optimum-automotive.com\/pt\/wp-json\/wp\/v2\/types\/page"}],"author":[{"embeddable":true,"href":"https:\/\/booster.optimum-automotive.com\/pt\/wp-json\/wp\/v2\/users\/12"}],"replies":[{"embeddable":true,"href":"https:\/\/booster.optimum-automotive.com\/pt\/wp-json\/wp\/v2\/comments?post=206"}],"version-history":[{"count":4,"href":"https:\/\/booster.optimum-automotive.com\/pt\/wp-json\/wp\/v2\/pages\/206\/revisions"}],"predecessor-version":[{"id":2963,"href":"https:\/\/booster.optimum-automotive.com\/pt\/wp-json\/wp\/v2\/pages\/206\/revisions\/2963"}],"wp:attachment":[{"href":"https:\/\/booster.optimum-automotive.com\/pt\/wp-json\/wp\/v2\/media?parent=206"}],"curies":[{"name":"wp","href":"https:\/\/api.w.org\/{rel}","templated":true}]}}