{"id":8,"date":"2016-07-28T09:32:49","date_gmt":"2016-07-28T07:32:49","guid":{"rendered":"https:\/\/mobility.optimum-automotive.com\/?page_id=8"},"modified":"2023-04-11T15:56:17","modified_gmt":"2023-04-11T13:56:17","slug":"mentions-legales","status":"publish","type":"page","link":"https:\/\/booster.optimum-automotive.com\/es\/mentions-legales\/","title":{"rendered":"Informaci\u00f3n legal"},"content":{"rendered":"<p>Lea atentamente estas condiciones de uso antes de utilizar este sitio. Al acceder a este sitio, usted acepta sin reservas estas condiciones.<\/p>\n<h2>El sitio web booster.optimum-automotive.com es propiedad de :<\/h2>\n<p><strong>\u00d3ptima Automoci\u00f3n<\/strong><br \/>Tel: +33 1 70 20 02 64<br \/>Correo electr\u00f3nico : <a href=\"mailto:contact@optimum-automotive.com\">contact@optimum-automotive.com<\/a><br \/>SAS con un capital de 501 500\u20ac. <br \/>RCS Aix-en-Provence 830 841 235<br \/>N\u00famero de IVA intracomunitario: FR77830841235<br \/>Representante legal: Daniel VASSALLUCCI - CEO<br \/>Director de la publicaci\u00f3n: Franck GAULTIER - Director de Marketing y Comunicaci\u00f3n<\/p>\n<h2>Creador y editor del sitio web<\/h2>\n<p>Sitio web creado por Optimum Automotive<\/p>\n<h2>Condiciones de uso<\/h2>\n<p>La p\u00e1gina web se gestiona de acuerdo con la legislaci\u00f3n francesa. El uso de este sitio se rige por las presentes condiciones generales. <a href=\"https:\/\/transports-andco.com\/\">\u00a0<\/a> Al utilizar el sitio, usted reconoce haber le\u00eddo y aceptado estas condiciones. Pueden ser modificados en cualquier momento y sin previo aviso por el editor del sitio web.<br \/>El propietario del sitio no puede ser considerado responsable de ninguna manera por el mal uso del servicio.<\/p>\n<h2>Limitaci\u00f3n de la responsabilidad<\/h2>\n<p>La informaci\u00f3n contenida en este sitio es lo m\u00e1s precisa posible y se actualiza peri\u00f3dicamente, pero puede contener inexactitudes, omisiones o lagunas. Si observa una laguna, un error o lo que parece ser un mal funcionamiento, comun\u00edquelo por correo electr\u00f3nico, describiendo el problema con la mayor precisi\u00f3n posible (p\u00e1gina que causa el problema, acci\u00f3n desencadenante, tipo de ordenador y de navegador utilizados, etc.).<\/p>\n<p>Cualquier contenido que se descargue se hace por cuenta y riesgo del usuario y bajo su exclusiva responsabilidad. Por lo tanto, el propietario del sitio web no se hace responsable de los da\u00f1os que pueda sufrir el ordenador del usuario ni de la p\u00e9rdida de datos resultante de la descarga.<\/p>\n<p>Las fotos no son contractuales.<\/p>\n<p>Los enlaces de hipertexto establecidos en el marco del presente sitio web hacia otros recursos presentes en la red Internet no pueden comprometer la responsabilidad del propietario del sitio web<\/p>\n<h2>Litigios<\/h2>\n<p>Las presentes condiciones se rigen por la legislaci\u00f3n francesa y cualquier disputa o litigio que pueda surgir de la interpretaci\u00f3n o ejecuci\u00f3n de estas condiciones se someter\u00e1 a la jurisdicci\u00f3n exclusiva de los tribunales de la sede del propietario del sitio web. La lengua de referencia para la resoluci\u00f3n de posibles litigios es el franc\u00e9s.<\/p>\n<h2>Derecho de acceso<\/h2>\n<p>En aplicaci\u00f3n de esta ley, los usuarios de Internet tienen derecho a acceder, rectificar, modificar y eliminar los datos que les conciernen personalmente. Este derecho puede ejercerse poni\u00e9ndose en contacto con el gestor del sitio web: <a href=\"mailto:contact@optimum-automotive.com\">Contactar con el director<\/a>.<br \/>Los datos personales recogidos no se conf\u00edan en ning\u00fan caso a terceros, salvo para la posible ejecuci\u00f3n correcta del servicio solicitado por el internauta.<\/p>\n<h2>Privacidad<\/h2>\n<p>Sus datos personales son confidenciales y no se comunicar\u00e1n a terceros salvo para la correcta ejecuci\u00f3n del servicio.<\/p>\n<h2>Propiedad Intelectual<\/h2>\n<p>Para cualquier solicitud de autorizaci\u00f3n o informaci\u00f3n, p\u00f3ngase en contacto con nosotros: <a href=\"mailto:contact@optimum-automotive.com\">contactar con<\/a>. Se prev\u00e9n condiciones espec\u00edficas para la prensa.<\/p>\n<p>Algunas ilustraciones se adquirieron en stock.adobe.com.<\/p>\n<h2>Hiperv\u00ednculos<\/h2>\n<p>El sitio web puede ofrecer enlaces a otros sitios web u otros recursos disponibles en Internet.<\/p>\n<p>El propietario del sitio web no tiene medios para controlar los sitios conectados a sus p\u00e1ginas web. El propietario del sitio web no garantiza la disponibilidad de dichos sitios y fuentes externas. No se responsabiliza de los da\u00f1os y perjuicios, de la naturaleza que sean, que se deriven del contenido de estos sitios o fuentes externas y, en particular, de la informaci\u00f3n, los productos o los servicios que ofrecen, o del uso que pueda hacerse de estos elementos. Los riesgos asociados a este uso recaen plenamente en el usuario de Internet, que debe respetar sus condiciones de uso.<\/p>\n\n\n<h2 class=\"wp-block-heading\">Cookies<\/h2>\n\n\n\n<p>Este sitio utiliza cookies, peque\u00f1os archivos de texto que se almacenan en su ordenador para ayudar a mejorar la experiencia del usuario. En general, las cookies se utilizan para hacer un seguimiento de las preferencias del usuario, almacenar informaci\u00f3n para cosas como carritos de la compra y proporcionar datos de seguimiento an\u00f3nimos a aplicaciones de terceros como Google Analytics. Por regla general, las cookies mejorar\u00e1n su experiencia de navegaci\u00f3n. Sin embargo, puede que prefiera desactivar las cookies en este y otros sitios.  La forma m\u00e1s eficaz es desactivar las cookies en su navegador.<\/p>\n\n\n\n<div style=\"height:50px\" aria-hidden=\"true\" class=\"wp-block-spacer\"><\/div>","protected":false},"excerpt":{"rendered":"<p>Merci de lire attentivement les pr\u00e9sentes modalit\u00e9s d\u2019utilisation du pr\u00e9sent site avant de le parcourir. En vous connectant sur ce site, vous acceptez sans r\u00e9serve les pr\u00e9sentes modalit\u00e9s. Le site booster.optimum-automotive.com est la propri\u00e9t\u00e9 de : Optimum AutomotiveT\u00e9l\u202f: +33 1 70 20 02 64E-mail\u00a0: contact@optimum-automotive.comSAS au capital de 501 500\u20ac RCS Aix-en-Provence 830 841 235N\u00b0 [&hellip;]<\/p>","protected":false},"author":12,"featured_media":0,"parent":0,"menu_order":0,"comment_status":"closed","ping_status":"closed","template":"","meta":{"_coblocks_attr":"","_coblocks_dimensions":"","_coblocks_responsive_height":"","_coblocks_accordion_ie_support":"","_uag_custom_page_level_css":"","footnotes":""},"uagb_featured_image_src":{"full":false,"thumbnail":false,"medium":false,"medium_large":false,"large":false,"1536x1536":false,"2048x2048":false,"trp-custom-language-flag":false},"uagb_author_info":{"display_name":"Camaleon","author_link":"https:\/\/booster.optimum-automotive.com\/es\/author\/camaleon\/"},"uagb_comment_info":0,"uagb_excerpt":"Merci de lire attentivement les pr\u00e9sentes modalit\u00e9s d\u2019utilisation du pr\u00e9sent site avant de le parcourir. En vous connectant sur ce site, vous acceptez sans r\u00e9serve les pr\u00e9sentes modalit\u00e9s. Le site booster.optimum-automotive.com est la propri\u00e9t\u00e9 de : Optimum AutomotiveT\u00e9l\u202f: +33 1 70 20 02 64E-mail\u00a0: contact@optimum-automotive.comSAS au capital de 501 500\u20ac RCS Aix-en-Provence 830 841 235N\u00b0&hellip;","_links":{"self":[{"href":"https:\/\/booster.optimum-automotive.com\/es\/wp-json\/wp\/v2\/pages\/8"}],"collection":[{"href":"https:\/\/booster.optimum-automotive.com\/es\/wp-json\/wp\/v2\/pages"}],"about":[{"href":"https:\/\/booster.optimum-automotive.com\/es\/wp-json\/wp\/v2\/types\/page"}],"author":[{"embeddable":true,"href":"https:\/\/booster.optimum-automotive.com\/es\/wp-json\/wp\/v2\/users\/12"}],"replies":[{"embeddable":true,"href":"https:\/\/booster.optimum-automotive.com\/es\/wp-json\/wp\/v2\/comments?post=8"}],"version-history":[{"count":12,"href":"https:\/\/booster.optimum-automotive.com\/es\/wp-json\/wp\/v2\/pages\/8\/revisions"}],"predecessor-version":[{"id":4140,"href":"https:\/\/booster.optimum-automotive.com\/es\/wp-json\/wp\/v2\/pages\/8\/revisions\/4140"}],"wp:attachment":[{"href":"https:\/\/booster.optimum-automotive.com\/es\/wp-json\/wp\/v2\/media?parent=8"}],"curies":[{"name":"wp","href":"https:\/\/api.w.org\/{rel}","templated":true}]}}