{"id":206,"date":"2020-02-11T16:53:24","date_gmt":"2020-02-11T15:53:24","guid":{"rendered":"https:\/\/mobility.optimum-automotive.com\/?page_id=206"},"modified":"2022-04-28T15:40:52","modified_gmt":"2022-04-28T13:40:52","slug":"politique-de-confidentialite","status":"publish","type":"page","link":"https:\/\/booster.optimum-automotive.com\/es\/politique-de-confidentialite\/","title":{"rendered":"Pol\u00edtica de privacidad"},"content":{"rendered":"<h2 class=\"wp-block-heading\">Uso de cookies<\/h2>\n\n\n\n<p>Esta pol\u00edtica de cookies explica qu\u00e9 son las cookies y c\u00f3mo las utilizamos. Deber\u00eda leer esta pol\u00edtica para poder entender qu\u00e9 tipo de cookies utilizamos, o qu\u00e9 informaci\u00f3n recogemos utilizando cookies y c\u00f3mo se utiliza esa informaci\u00f3n.<\/p>\n\n\n\n<p>Por lo general, las cookies no contienen ninguna informaci\u00f3n personal identificable sobre un usuario, pero la informaci\u00f3n personal que almacenamos sobre usted puede estar vinculada a la informaci\u00f3n almacenada y obtenida de las cookies. No almacenamos informaci\u00f3n personal sensible, como direcciones postales, contrase\u00f1as de cuentas, etc. en las cookies que utilizamos.<\/p>\n\n\n\n<h3 class=\"wp-block-heading\">Tipo de cookies que utilizamos<\/h3>\n\n\n\n<p>Las cookies pueden ser \"persistentes\" o \"de sesi\u00f3n\". Las cookies persistentes permanecen en su ordenador personal o dispositivo m\u00f3vil cuando cierra la sesi\u00f3n, mientras que las cookies de sesi\u00f3n se eliminan en cuanto cierra el navegador web.<\/p>\n\n\n\n<p>Utilizamos tanto cookies de sesi\u00f3n como persistentes para los fines que se describen a continuaci\u00f3n:<\/p>\n\n\n\n<p><strong>Cookies necesarias\/esenciales<\/strong><\/p>\n\n\n\n<ul class=\"is-style-default\"><li>Tipo: Cookies de sesi\u00f3n<\/li><li>Administrado por : Nosotros<\/li><li>Finalidad: Estas cookies son esenciales para proporcionarle los servicios disponibles en el sitio web y permitirle utilizar algunas de sus funciones. Ayudan a autenticar a los usuarios y a evitar el uso fraudulento de las cuentas de usuario. Sin estas cookies, los servicios que usted ha solicitado no pueden ser proporcionados, y s\u00f3lo utilizamos estas cookies para proporcionarle estos servicios.<\/li><\/ul>\n\n\n\n<p><strong>Cookies de funcionalidad<\/strong><\/p>\n\n\n\n<ul class=\"is-style-default\"><li>Tipo: Cookies persistentes<\/li><li>Administrado por : Nosotros<\/li><li>Finalidad: Estas cookies nos permiten recordar las elecciones que usted hace al utilizar el sitio web, como recordar su informaci\u00f3n de acceso o su preferencia de idioma. El objetivo de estas cookies es proporcionarle una experiencia m\u00e1s personal y evitar que tenga que volver a introducir sus preferencias cada vez que utilice el sitio web.<\/li><\/ul>\n\n\n\n<h2 class=\"wp-block-heading\">Sus opciones con respecto a las cookies<\/h2>\n\n\n\n<p>Si prefiere evitar el uso de cookies en el sitio web, primero debe desactivar el uso de cookies en su navegador y luego eliminar cualquier cookie almacenada en su navegador asociada a este sitio web. Puede utilizar esta opci\u00f3n para impedir el uso de cookies en cualquier momento.<\/p>\n\n\n\n<p>Si no acepta nuestras cookies, puede experimentar inconvenientes en el uso del sitio web y algunas caracter\u00edsticas pueden no funcionar correctamente.<\/p>\n\n\n\n<p>Si desea eliminar las cookies o hacer que su navegador web elimine o rechace las cookies, visite las p\u00e1ginas de ayuda de su navegador web.<\/p>\n\n\n\n<p><\/p>\n\n\n\n<ul class=\"is-style-default\"><li>Para el navegador web Chrome, visite esta p\u00e1gina de Google: <a href=\"https:\/\/support.google.com\/accounts\/answer\/32050\" target=\"_blank\" rel=\"noreferrer noopener\">https:\/\/support.google.com\/accounts\/answer\/32050<\/a><\/li><li>Para el navegador Internet Explorer, visite esta p\u00e1gina de Microsoft: <a href=\"http:\/\/support.microsoft.com\/kb\/278835\" target=\"_blank\" rel=\"noreferrer noopener\">http:\/\/support.microsoft.com\/kb\/278835<\/a><\/li><li>Para el navegador web Firefox, visite esta p\u00e1gina de Mozilla: <a href=\"https:\/\/support.mozilla.org\/en-US\/kb\/delete-cookies-remove-info-websites-stored\" target=\"_blank\" rel=\"noreferrer noopener\">https:\/\/support.mozilla.org\/en-US\/kb\/delete-cookies-remove-info-websites-stored<\/a><\/li><li>Para el navegador web Safari, visite esta p\u00e1gina de Apple: <a href=\"https:\/\/support.apple.com\/guide\/safari\/manage-cookies-and-website-data-sfri11471\/mac\" target=\"_blank\" rel=\"noreferrer noopener\">https:\/\/support.apple.com\/guide\/safari\/manage-cookies-and-website-data-sfri11471\/mac<\/a><\/li><\/ul>\n\n\n\n<p>Para todos los dem\u00e1s navegadores, visite las p\u00e1ginas web oficiales de su navegador.<\/p>\n\n\n\n<h2 class=\"wp-block-heading\">Contacto con nosotros<\/h2>\n\n\n\n<p>Si tiene alguna pregunta sobre esta pol\u00edtica de cookies, puede ponerse en contacto con nosotros <a href=\"https:\/\/booster.optimum-automotive.com\/es\/\">contacte con nosotros haciendo clic aqu\u00ed<\/a>.<\/p>\n\n\n\n<div style=\"height:50px\" aria-hidden=\"true\" class=\"wp-block-spacer\"><\/div>","protected":false},"excerpt":{"rendered":"<p>L&rsquo;utilisation des Cookies Cette politique de cookies explique ce que sont les cookies et comment nous les utilisons.&nbsp;Vous devriez lire cette politique afin que vous puissiez comprendre quel type de cookies nous utilisons, ou les informations que nous collectons \u00e0 l&rsquo;aide de cookies et comment ces informations sont utilis\u00e9es. Les cookies ne contiennent g\u00e9n\u00e9ralement aucune [&hellip;]<\/p>","protected":false},"author":12,"featured_media":0,"parent":0,"menu_order":0,"comment_status":"closed","ping_status":"closed","template":"","meta":{"_coblocks_attr":"","_coblocks_dimensions":"","_coblocks_responsive_height":"","_coblocks_accordion_ie_support":"","_uag_custom_page_level_css":"","footnotes":""},"uagb_featured_image_src":{"full":false,"thumbnail":false,"medium":false,"medium_large":false,"large":false,"1536x1536":false,"2048x2048":false,"trp-custom-language-flag":false},"uagb_author_info":{"display_name":"Camaleon","author_link":"https:\/\/booster.optimum-automotive.com\/es\/author\/camaleon\/"},"uagb_comment_info":0,"uagb_excerpt":"L&rsquo;utilisation des Cookies Cette politique de cookies explique ce que sont les cookies et comment nous les utilisons.&nbsp;Vous devriez lire cette politique afin que vous puissiez comprendre quel type de cookies nous utilisons, ou les informations que nous collectons \u00e0 l&rsquo;aide de cookies et comment ces informations sont utilis\u00e9es. Les cookies ne contiennent g\u00e9n\u00e9ralement aucune&hellip;","_links":{"self":[{"href":"https:\/\/booster.optimum-automotive.com\/es\/wp-json\/wp\/v2\/pages\/206"}],"collection":[{"href":"https:\/\/booster.optimum-automotive.com\/es\/wp-json\/wp\/v2\/pages"}],"about":[{"href":"https:\/\/booster.optimum-automotive.com\/es\/wp-json\/wp\/v2\/types\/page"}],"author":[{"embeddable":true,"href":"https:\/\/booster.optimum-automotive.com\/es\/wp-json\/wp\/v2\/users\/12"}],"replies":[{"embeddable":true,"href":"https:\/\/booster.optimum-automotive.com\/es\/wp-json\/wp\/v2\/comments?post=206"}],"version-history":[{"count":4,"href":"https:\/\/booster.optimum-automotive.com\/es\/wp-json\/wp\/v2\/pages\/206\/revisions"}],"predecessor-version":[{"id":2963,"href":"https:\/\/booster.optimum-automotive.com\/es\/wp-json\/wp\/v2\/pages\/206\/revisions\/2963"}],"wp:attachment":[{"href":"https:\/\/booster.optimum-automotive.com\/es\/wp-json\/wp\/v2\/media?parent=206"}],"curies":[{"name":"wp","href":"https:\/\/api.w.org\/{rel}","templated":true}]}}