{"id":204,"date":"2020-02-11T16:32:33","date_gmt":"2020-02-11T15:32:33","guid":{"rendered":"https:\/\/mobility.optimum-automotive.com\/?page_id=204"},"modified":"2022-07-12T15:14:10","modified_gmt":"2022-07-12T13:14:10","slug":"conditions-generales-dutilisations","status":"publish","type":"page","link":"https:\/\/booster.optimum-automotive.com\/es\/conditions-generales-dutilisations\/","title":{"rendered":"Condiciones de uso"},"content":{"rendered":"<p>Las presentes \"condiciones generales de uso\" tienen por objeto enmarcar jur\u00eddicamente las condiciones de puesta a disposici\u00f3n de los servicios del sitio web y de su utilizaci\u00f3n por el \"Usuario\". Las condiciones generales de uso deben ser aceptadas por cualquier usuario que desee acceder al sitio. Constituyen el contrato entre el sitio y el Usuario. El acceso al sitio por parte del Usuario implica la aceptaci\u00f3n de estas condiciones de uso. Nos reservamos el derecho de modificar unilateralmente el contenido de estas condiciones en cualquier momento.<\/p>\n\n\n\n<h2 class=\"wp-block-heading\"> Definiciones <\/h2>\n\n\n\n<p>El objetivo de esta cl\u00e1usula es definir los distintos t\u00e9rminos esenciales del contrato:<\/p>\n\n\n\n<ul><li>Usuario: este t\u00e9rmino se refiere a cualquier persona que utilice el sitio o cualquiera de los servicios ofrecidos por el sitio.<\/li><li>Contenido del usuario: son los datos transmitidos por el usuario dentro del sitio.<\/li><li>Miembro: el Usuario se convierte en miembro cuando se identifica en el sitio.<\/li><li> Correo electr\u00f3nico y contrase\u00f1a: es toda la informaci\u00f3n necesaria para identificar a un usuario en el sitio. La direcci\u00f3n de correo electr\u00f3nico y la contrase\u00f1a permiten al usuario acceder a los servicios reservados a los miembros del sitio. La contrase\u00f1a es confidencial.<\/li><\/ul>\n\n\n\n<h2 class=\"wp-block-heading\">Acceso a los servicios<\/h2>\n\n\n\n<p>El sitio es accesible gratuitamente desde cualquier lugar a cualquier Usuario con acceso a Internet. Todos los gastos en que incurra el Usuario para acceder al servicio (hardware, software, conexi\u00f3n a Internet, etc.) correr\u00e1n a su cargo. Seg\u00fan los casos : Los Usuarios no miembros no tienen acceso a los servicios reservados a los miembros. Para ello, deben identificarse utilizando su direcci\u00f3n de correo electr\u00f3nico y su contrase\u00f1a. El sitio se esfuerza por garantizar un acceso de calidad a sus servicios. Al tratarse de una obligaci\u00f3n de medios, el sitio no se compromete a alcanzar este resultado. El propietario del sitio no podr\u00e1 ser considerado responsable en caso de fuerza mayor que provoque un mal funcionamiento de la red o del servidor. El acceso a los servicios del sitio podr\u00e1 ser interrumpido, suspendido o modificado en cualquier momento y sin previo aviso por razones de mantenimiento o por cualquier otro motivo. El Usuario se compromete a no reclamar ninguna indemnizaci\u00f3n tras la interrupci\u00f3n, suspensi\u00f3n o modificaci\u00f3n del presente contrato. El Usuario puede ponerse en contacto con el administrador del sitio aqu\u00ed: <a href=\"https:\/\/booster.optimum-automotive.com\/es\/\">Contacte con<\/a><\/p>\n\n\n\n<h2 class=\"wp-block-heading\">Propiedad Intelectual<\/h2>\n\n\n\n<p>Las marcas, los logotipos, los signos y cualquier otro contenido del sitio est\u00e1n protegidos por el C\u00f3digo de la Propiedad Intelectual y, m\u00e1s concretamente, por los derechos de autor. El Usuario solicita autorizaci\u00f3n previa al sitio para cualquier reproducci\u00f3n, publicaci\u00f3n o copia de los distintos contenidos. El Usuario se compromete a utilizar los contenidos del sitio en un contexto estrictamente privado. Cualquier uso de los contenidos con fines comerciales est\u00e1 estrictamente prohibido. Cualquier contenido puesto en l\u00ednea por el Usuario es su \u00fanica responsabilidad. El Usuario se compromete a no poner en l\u00ednea ning\u00fan contenido que pueda perjudicar los intereses de terceros. Cualquier acci\u00f3n legal emprendida por un tercero perjudicado contra el sitio correr\u00e1 a cargo del Usuario. El contenido del usuario puede ser eliminado o modificado por el sitio en cualquier momento y por cualquier motivo. El Usuario no recibir\u00e1 ninguna justificaci\u00f3n o notificaci\u00f3n previa a la supresi\u00f3n o modificaci\u00f3n del Contenido del Usuario.<\/p>\n\n\n\n<h2 class=\"wp-block-heading\">Responsabilidad y fuerza mayor<\/h2>\n\n\n\n<p>Las fuentes de la informaci\u00f3n publicada en el sitio web se consideran fiables. No obstante, el sitio se reserva el derecho de no garantizar la fiabilidad de las fuentes. La informaci\u00f3n que se ofrece en el sitio web es meramente informativa. Por lo tanto, el usuario es el \u00fanico responsable del uso de la informaci\u00f3n y el contenido de este sitio. El usuario se asegurar\u00e1 de que su contrase\u00f1a se mantenga en secreto. Queda prohibida la divulgaci\u00f3n de la contrase\u00f1a, sea cual sea su forma. El usuario asume todos los riesgos asociados al uso de su direcci\u00f3n de correo electr\u00f3nico y su contrase\u00f1a. El sitio declina toda responsabilidad. Cualquier uso del servicio por parte del Usuario que, directa o indirectamente, provoque da\u00f1os deber\u00e1 ser compensado por el sitio. El sitio no garantiza una seguridad y confidencialidad \u00f3ptimas de los datos transmitidos. No obstante, el sitio se compromete a utilizar todos los medios necesarios para garantizar la seguridad y la confidencialidad de los datos de la mejor manera posible. El sitio no se hace responsable en caso de fuerza mayor o de acto imprevisible e insuperable de un tercero.<\/p>\n\n\n\n<h2 class=\"wp-block-heading\">Hiperv\u00ednculos<\/h2>\n\n\n\n<p>En el sitio hay muchos enlaces de hipertexto salientes, pero las p\u00e1ginas web a las que conducen estos enlaces no son responsabilidad del propietario del sitio web, que no tiene control sobre estos enlaces. Por lo tanto, el Usuario se abstiene de comprometer la responsabilidad del sitio en cuanto al contenido y los recursos relacionados con estos enlaces de hipertexto salientes. <\/p>\n\n\n\n<h2 class=\"wp-block-heading\">Evoluci\u00f3n del contrato<\/h2>\n\n\n\n<p>Nos reservamos el derecho a modificar las condiciones de este contrato en cualquier momento. La duraci\u00f3n de este contrato es indefinida. El contrato es efectivo para el Usuario desde el momento de la utilizaci\u00f3n del servicio.<\/p>\n\n\n\n<h2 class=\"wp-block-heading\">Legislaci\u00f3n y jurisdicci\u00f3n aplicables<\/h2>\n\n\n\n<p>El derecho franc\u00e9s se aplica a este contrato. En caso de que no se llegue a una soluci\u00f3n amistosa de un conflicto entre las partes, los tribunales ser\u00e1n los \u00fanicos competentes.<\/p>\n\n\n\n<div style=\"height:50px\" aria-hidden=\"true\" class=\"wp-block-spacer\"><\/div>","protected":false},"excerpt":{"rendered":"<p>Les pr\u00e9sentes \u00ab conditions g\u00e9n\u00e9rales d&rsquo;utilisation \u00bb ont pour objet l&rsquo;encadrement juridique des modalit\u00e9s de mise \u00e0 disposition des services du site internet et leur utilisation par \u00ab l&rsquo;Utilisateur \u00bb. Les conditions g\u00e9n\u00e9rales d&rsquo;utilisation doivent \u00eatre accept\u00e9es par tout Utilisateur souhaitant acc\u00e9der au site. Elles constituent le contrat entre le site et l&rsquo;Utilisateur. L\u2019acc\u00e8s au [&hellip;]<\/p>","protected":false},"author":12,"featured_media":0,"parent":0,"menu_order":0,"comment_status":"closed","ping_status":"closed","template":"","meta":{"_coblocks_attr":"","_coblocks_dimensions":"","_coblocks_responsive_height":"","_coblocks_accordion_ie_support":"","_uag_custom_page_level_css":"","footnotes":""},"uagb_featured_image_src":{"full":false,"thumbnail":false,"medium":false,"medium_large":false,"large":false,"1536x1536":false,"2048x2048":false,"trp-custom-language-flag":false},"uagb_author_info":{"display_name":"Camaleon","author_link":"https:\/\/booster.optimum-automotive.com\/es\/author\/camaleon\/"},"uagb_comment_info":0,"uagb_excerpt":"Les pr\u00e9sentes \u00ab conditions g\u00e9n\u00e9rales d&rsquo;utilisation \u00bb ont pour objet l&rsquo;encadrement juridique des modalit\u00e9s de mise \u00e0 disposition des services du site internet et leur utilisation par \u00ab l&rsquo;Utilisateur \u00bb. Les conditions g\u00e9n\u00e9rales d&rsquo;utilisation doivent \u00eatre accept\u00e9es par tout Utilisateur souhaitant acc\u00e9der au site. Elles constituent le contrat entre le site et l&rsquo;Utilisateur. L\u2019acc\u00e8s au&hellip;","_links":{"self":[{"href":"https:\/\/booster.optimum-automotive.com\/es\/wp-json\/wp\/v2\/pages\/204"}],"collection":[{"href":"https:\/\/booster.optimum-automotive.com\/es\/wp-json\/wp\/v2\/pages"}],"about":[{"href":"https:\/\/booster.optimum-automotive.com\/es\/wp-json\/wp\/v2\/types\/page"}],"author":[{"embeddable":true,"href":"https:\/\/booster.optimum-automotive.com\/es\/wp-json\/wp\/v2\/users\/12"}],"replies":[{"embeddable":true,"href":"https:\/\/booster.optimum-automotive.com\/es\/wp-json\/wp\/v2\/comments?post=204"}],"version-history":[{"count":3,"href":"https:\/\/booster.optimum-automotive.com\/es\/wp-json\/wp\/v2\/pages\/204\/revisions"}],"predecessor-version":[{"id":2961,"href":"https:\/\/booster.optimum-automotive.com\/es\/wp-json\/wp\/v2\/pages\/204\/revisions\/2961"}],"wp:attachment":[{"href":"https:\/\/booster.optimum-automotive.com\/es\/wp-json\/wp\/v2\/media?parent=204"}],"curies":[{"name":"wp","href":"https:\/\/api.w.org\/{rel}","templated":true}]}}