{"id":8,"date":"2016-07-28T09:32:49","date_gmt":"2016-07-28T07:32:49","guid":{"rendered":"https:\/\/mobility.optimum-automotive.com\/?page_id=8"},"modified":"2023-04-11T15:56:17","modified_gmt":"2023-04-11T13:56:17","slug":"mentions-legales","status":"publish","type":"page","link":"https:\/\/booster.optimum-automotive.com\/de\/mentions-legales\/","title":{"rendered":"Rechtliche Hinweise"},"content":{"rendered":"<p>Bitte lesen Sie die vorliegenden Nutzungsbedingungen sorgf\u00e4ltig durch, bevor Sie diese Website besuchen. Wenn Sie sich auf dieser Website einloggen, stimmen Sie diesen Nutzungsbedingungen vorbehaltlos zu.<\/p>\n<h2>Le site booster.optimum-automotive.com est la propri\u00e9t\u00e9 de :<\/h2>\n<p><strong>Optimum Automotive<\/strong><br \/>Tel: +33 1 70 20 02 64<br \/>E-Mail: <a href=\"mailto:contact@optimum-automotive.com\">contact@optimum-automotive.com<\/a><br \/>SAS mit einem Kapital von 501.500\u20ac <br \/>RCS Aix-en-Provence 830 841 235<br \/>Intrakommunale Mehrwertsteuer-Nr.: FR77830841235<br \/>Gesetzlicher Vertreter: Daniel VASSALLUCCI - CEO<br \/>Leiter der Ver\u00f6ffentlichung: Franck GAULTIER - Direktor f\u00fcr Marketing und Kommunikation<\/p>\n<h2>Ersteller und Herausgeber der Website<\/h2>\n<p>Website erstellt von Optimum Automotive<\/p>\n<h2>Bedingungen f\u00fcr die Nutzung<\/h2>\n<p>Die Website wird unter Einhaltung der franz\u00f6sischen Gesetzgebung betrieben. Die Nutzung dieser Website unterliegt den vorliegenden Bedingungen. <a href=\"https:\/\/transports-andco.com\/\">\u00a0<\/a> Durch die Nutzung der Website best\u00e4tigen Sie, dass Sie diese Bedingungen zur Kenntnis genommen und akzeptiert haben. Diese k\u00f6nnen jederzeit und ohne Vorank\u00fcndigung vom Herausgeber der Website ge\u00e4ndert werden.<br \/>Der Eigent\u00fcmer der Seite haftet in keiner Weise f\u00fcr eine missbr\u00e4uchliche Nutzung des Dienstes.<\/p>\n<h2>Beschr\u00e4nkung der Haftung<\/h2>\n<p>Die Informationen auf dieser Website sind so genau wie m\u00f6glich und die Website wird in regelm\u00e4\u00dfigen Abst\u00e4nden aktualisiert, kann aber dennoch Ungenauigkeiten, Auslassungen oder L\u00fccken enthalten. Wenn Sie eine L\u00fccke, einen Fehler oder eine scheinbare Fehlfunktion feststellen, melden Sie dies bitte per E-Mail und beschreiben Sie das Problem so genau wie m\u00f6glich (problematische Seite, ausl\u00f6sende Aktion, Art des verwendeten Computers und Browsers, ...).<\/p>\n<p>Alle heruntergeladenen Inhalte werden auf Risiko des Nutzers und unter seiner alleinigen Verantwortung heruntergeladen. Folglich kann der Eigent\u00fcmer der Website nicht f\u00fcr Sch\u00e4den am Computer des Nutzers oder f\u00fcr Datenverluste infolge des Downloads haftbar gemacht werden.<\/p>\n<p>Die Fotos sind nicht vertraglich bindend.<\/p>\n<p>F\u00fcr Hyperlinks, die im Rahmen dieser Website zu anderen Ressourcen im Internet eingerichtet werden, kann der Eigent\u00fcmer der Website nicht haftbar gemacht werden.<\/p>\n<h2>Streitigkeiten<\/h2>\n<p>Die vorliegenden Bedingungen unterliegen den franz\u00f6sischen Gesetzen. F\u00fcr alle Streitigkeiten, die sich aus der Auslegung oder Ausf\u00fchrung dieser Bedingungen ergeben k\u00f6nnten, sind ausschlie\u00dflich die Gerichte zust\u00e4ndig, in deren Zust\u00e4ndigkeitsbereich der Gesch\u00e4ftssitz des Eigent\u00fcmers der Internetseite liegt. Die Referenzsprache f\u00fcr die Beilegung eventueller Streitigkeiten ist Franz\u00f6sisch.<\/p>\n<h2>Recht auf Zugang<\/h2>\n<p>In Anwendung dieses Gesetzes haben Internetnutzer ein Recht auf Zugang, Berichtigung, \u00c4nderung und L\u00f6schung von Daten, die sie pers\u00f6nlich betreffen. Dieses Recht kann ausge\u00fcbt werden, indem man sich an den Betreiber der Website wendet: <a href=\"mailto:contact@optimum-automotive.com\">Kontaktieren Sie den Manager<\/a>.<br \/>Die gesammelten pers\u00f6nlichen Informationen werden unter keinen Umst\u00e4nden Dritten anvertraut, au\u00dfer f\u00fcr die eventuelle ordnungsgem\u00e4\u00dfe Ausf\u00fchrung der vom Internetnutzer bestellten Leistung.<\/p>\n<h2>Datenschutz<\/h2>\n<p>Ihre pers\u00f6nlichen Daten sind vertraulich und werden unter keinen Umst\u00e4nden an Dritte weitergegeben, au\u00dfer zur ordnungsgem\u00e4\u00dfen Durchf\u00fchrung der Dienstleistung.<\/p>\n<h2>Geistiges Eigentum<\/h2>\n<p>Wenn Sie eine Genehmigung oder Informationen ben\u00f6tigen, kontaktieren Sie uns bitte : <a href=\"mailto:contact@optimum-automotive.com\">Kontakt<\/a>. F\u00fcr die Presse sind besondere Bedingungen vorgesehen.<\/p>\n<p>Einige Illustrationen wurden von stock.adobe.com erworben.<\/p>\n<h2>Hyperlinks<\/h2>\n<p>Die Website kann Links zu anderen Websites oder anderen im Internet verf\u00fcgbaren Ressourcen anbieten.<\/p>\n<p>Der Eigent\u00fcmer der Website verf\u00fcgt \u00fcber keinerlei Mittel, um die mit seinen Websites verbundenen Websites zu kontrollieren. Der Eigent\u00fcmer der Website haftet nicht f\u00fcr die Verf\u00fcgbarkeit solcher Websites und externen Quellen und garantiert diese auch nicht. Er kann nicht f\u00fcr Sch\u00e4den jeglicher Art haftbar gemacht werden, die sich aus dem Inhalt dieser Websites oder externen Quellen ergeben, insbesondere nicht f\u00fcr Informationen, Produkte oder Dienstleistungen, die dort angeboten werden, oder f\u00fcr jegliche Nutzung, die von diesen Elementen ausgehen kann. Die mit dieser Nutzung verbundenen Risiken liegen vollst\u00e4ndig beim Internetnutzer, der sich an deren Nutzungsbedingungen halten muss.<\/p>\n\n\n<h2 class=\"wp-block-heading\">Cookies<\/h2>\n\n\n\n<p>Diese Seite verwendet Cookies - kleine Textdateien, die auf Ihrem Rechner platziert werden, um der Seite zu helfen, eine bessere Benutzererfahrung zu bieten. Im Allgemeinen werden Cookies verwendet, um Benutzereinstellungen zu speichern, Informationen f\u00fcr Dinge wie Warenk\u00f6rbe zu speichern und anonymisierte Trackingdaten an Anwendungen von Drittanbietern wie Google Analytics zu liefern. Im Allgemeinen werden Cookies Ihr Surferlebnis verbessern. Es kann jedoch sein, dass Sie es vorziehen, Cookies auf dieser und anderen Websites zu deaktivieren.  Am effektivsten ist es, wenn Sie die Cookies in Ihrem Browser deaktivieren.<\/p>\n\n\n\n<div style=\"height:50px\" aria-hidden=\"true\" class=\"wp-block-spacer\"><\/div>","protected":false},"excerpt":{"rendered":"<p>Merci de lire attentivement les pr\u00e9sentes modalit\u00e9s d\u2019utilisation du pr\u00e9sent site avant de le parcourir. En vous connectant sur ce site, vous acceptez sans r\u00e9serve les pr\u00e9sentes modalit\u00e9s. Le site booster.optimum-automotive.com est la propri\u00e9t\u00e9 de : Optimum AutomotiveT\u00e9l\u202f: +33 1 70 20 02 64E-mail\u00a0: contact@optimum-automotive.comSAS au capital de 501 500\u20ac RCS Aix-en-Provence 830 841 235N\u00b0 [&hellip;]<\/p>","protected":false},"author":12,"featured_media":0,"parent":0,"menu_order":0,"comment_status":"closed","ping_status":"closed","template":"","meta":{"_coblocks_attr":"","_coblocks_dimensions":"","_coblocks_responsive_height":"","_coblocks_accordion_ie_support":"","_uag_custom_page_level_css":"","footnotes":""},"uagb_featured_image_src":{"full":false,"thumbnail":false,"medium":false,"medium_large":false,"large":false,"1536x1536":false,"2048x2048":false,"trp-custom-language-flag":false},"uagb_author_info":{"display_name":"Camaleon","author_link":"https:\/\/booster.optimum-automotive.com\/de\/author\/camaleon\/"},"uagb_comment_info":0,"uagb_excerpt":"Merci de lire attentivement les pr\u00e9sentes modalit\u00e9s d\u2019utilisation du pr\u00e9sent site avant de le parcourir. En vous connectant sur ce site, vous acceptez sans r\u00e9serve les pr\u00e9sentes modalit\u00e9s. Le site booster.optimum-automotive.com est la propri\u00e9t\u00e9 de : Optimum AutomotiveT\u00e9l\u202f: +33 1 70 20 02 64E-mail\u00a0: contact@optimum-automotive.comSAS au capital de 501 500\u20ac RCS Aix-en-Provence 830 841 235N\u00b0&hellip;","_links":{"self":[{"href":"https:\/\/booster.optimum-automotive.com\/de\/wp-json\/wp\/v2\/pages\/8"}],"collection":[{"href":"https:\/\/booster.optimum-automotive.com\/de\/wp-json\/wp\/v2\/pages"}],"about":[{"href":"https:\/\/booster.optimum-automotive.com\/de\/wp-json\/wp\/v2\/types\/page"}],"author":[{"embeddable":true,"href":"https:\/\/booster.optimum-automotive.com\/de\/wp-json\/wp\/v2\/users\/12"}],"replies":[{"embeddable":true,"href":"https:\/\/booster.optimum-automotive.com\/de\/wp-json\/wp\/v2\/comments?post=8"}],"version-history":[{"count":12,"href":"https:\/\/booster.optimum-automotive.com\/de\/wp-json\/wp\/v2\/pages\/8\/revisions"}],"predecessor-version":[{"id":4140,"href":"https:\/\/booster.optimum-automotive.com\/de\/wp-json\/wp\/v2\/pages\/8\/revisions\/4140"}],"wp:attachment":[{"href":"https:\/\/booster.optimum-automotive.com\/de\/wp-json\/wp\/v2\/media?parent=8"}],"curies":[{"name":"wp","href":"https:\/\/api.w.org\/{rel}","templated":true}]}}