{"id":206,"date":"2020-02-11T16:53:24","date_gmt":"2020-02-11T15:53:24","guid":{"rendered":"https:\/\/mobility.optimum-automotive.com\/?page_id=206"},"modified":"2022-04-28T15:40:52","modified_gmt":"2022-04-28T13:40:52","slug":"politique-de-confidentialite","status":"publish","type":"page","link":"https:\/\/booster.optimum-automotive.com\/de\/politique-de-confidentialite\/","title":{"rendered":"Datenschutzrichtlinie"},"content":{"rendered":"<h2 class=\"wp-block-heading\">Die Verwendung von Cookies<\/h2>\n\n\n\n<p>Diese Cookie-Richtlinie erkl\u00e4rt, was Cookies sind und wie wir sie verwenden. Sie sollten diese Richtlinie lesen, damit Sie verstehen, welche Art von Cookies wir verwenden oder welche Informationen wir mithilfe von Cookies sammeln und wie diese Informationen verwendet werden.<\/p>\n\n\n\n<p>Cookies enthalten in der Regel keine Informationen, mit denen ein Nutzer pers\u00f6nlich identifiziert werden kann, aber die pers\u00f6nlichen Informationen, die wir \u00fcber Sie speichern, k\u00f6nnen mit den Informationen, die in Cookies gespeichert und von ihnen abgerufen werden, in Verbindung gebracht werden. Wir speichern keine sensiblen pers\u00f6nlichen Informationen wie Postadressen, Kontopassw\u00f6rter usw. in den von uns verwendeten Cookies.<\/p>\n\n\n\n<h3 class=\"wp-block-heading\">Art der von uns verwendeten Cookies<\/h3>\n\n\n\n<p>Bei Cookies kann es sich um \"dauerhafte\" oder \"sitzungsbezogene\" Cookies handeln. Dauerhafte Cookies verbleiben auf Ihrem Personalcomputer oder Mobilger\u00e4t, wenn Sie sich abmelden, w\u00e4hrend Sitzungscookies gel\u00f6scht werden, sobald Sie Ihren Webbrowser schlie\u00dfen.<\/p>\n\n\n\n<p>Wir verwenden sowohl Sitzungscookies als auch dauerhafte Cookies f\u00fcr die unten beschriebenen Zwecke:<\/p>\n\n\n\n<p><strong>Notwendige \/ wesentliche Cookies<\/strong><\/p>\n\n\n\n<ul class=\"is-style-default\"><li>Typ: Sitzungscookies<\/li><li>Verwaltet von : Wir<\/li><li>Zweck: Diese Cookies sind unerl\u00e4sslich, um Ihnen die auf der Website verf\u00fcgbaren Dienste bereitzustellen und Ihnen die Nutzung bestimmter Funktionen der Website zu erm\u00f6glichen. Sie helfen dabei, Nutzer zu authentifizieren und die betr\u00fcgerische Nutzung von Nutzerkonten zu verhindern. Ohne diese Cookies k\u00f6nnen die von Ihnen angeforderten Dienstleistungen nicht erbracht werden, und wir verwenden diese Cookies nur, um Ihnen diese Dienstleistungen zu erbringen.<\/li><\/ul>\n\n\n\n<p><strong>Cookies f\u00fcr die Funktionalit\u00e4t<\/strong><\/p>\n\n\n\n<ul class=\"is-style-default\"><li>Typ: Dauerhafte Cookies<\/li><li>Verwaltet von : Wir<\/li><li>Zweck: Diese Cookies erm\u00f6glichen es uns, die Entscheidungen zu speichern, die Sie treffen, wenn Sie die Website nutzen, wie z. B. die Speicherung Ihrer Anmeldeinformationen oder Ihrer Sprachpr\u00e4ferenz. Der Zweck dieser Cookies besteht darin, Ihnen eine pers\u00f6nlichere Erfahrung zu bieten und zu vermeiden, dass Sie Ihre Pr\u00e4ferenzen jedes Mal neu eingeben m\u00fcssen, wenn Sie die Website nutzen.<\/li><\/ul>\n\n\n\n<h2 class=\"wp-block-heading\">Ihre Wahlm\u00f6glichkeiten in Bezug auf Cookies<\/h2>\n\n\n\n<p>Wenn Sie die Verwendung von Cookies auf der Website lieber vermeiden m\u00f6chten, m\u00fcssen Sie zun\u00e4chst die Verwendung von Cookies in Ihrem Browser deaktivieren und dann die in Ihrem Browser gespeicherten Cookies, die mit dieser Website in Verbindung stehen, l\u00f6schen. Sie k\u00f6nnen diese Option nutzen, um die Verwendung von Cookies jederzeit zu verhindern.<\/p>\n\n\n\n<p>Wenn Sie unsere Cookies nicht akzeptieren, kann es zu Unannehmlichkeiten bei der Nutzung der Website kommen, und einige Funktionen funktionieren m\u00f6glicherweise nicht richtig.<\/p>\n\n\n\n<p>Wenn Sie Cookies l\u00f6schen oder Ihren Webbrowser anweisen m\u00f6chten, Cookies zu l\u00f6schen oder abzulehnen, besuchen Sie bitte die Hilfeseiten Ihres Webbrowsers.<\/p>\n\n\n\n<p><\/p>\n\n\n\n<ul class=\"is-style-default\"><li>F\u00fcr den Webbrowser Chrome besuchen Sie bitte diese Seite von Google : <a href=\"https:\/\/support.google.com\/accounts\/answer\/32050\" target=\"_blank\" rel=\"noreferrer noopener\">https:\/\/support.google.com\/accounts\/answer\/32050<\/a><\/li><li>F\u00fcr den Webbrowser Internet Explorer besuchen Sie bitte diese Seite von Microsoft : <a href=\"http:\/\/support.microsoft.com\/kb\/278835\" target=\"_blank\" rel=\"noreferrer noopener\">http:\/\/support.microsoft.com\/kb\/278835<\/a><\/li><li>F\u00fcr den Webbrowser Firefox besuchen Sie bitte diese Seite von Mozilla : <a href=\"https:\/\/support.mozilla.org\/en-US\/kb\/delete-cookies-remove-info-websites-stored\" target=\"_blank\" rel=\"noreferrer noopener\">https:\/\/support.mozilla.org\/en-US\/kb\/delete-cookies-remove-info-websites-stored<\/a><\/li><li>F\u00fcr den Safari-Webbrowser besuchen Sie bitte diese Seite von Apple : <a href=\"https:\/\/support.apple.com\/guide\/safari\/manage-cookies-and-website-data-sfri11471\/mac\" target=\"_blank\" rel=\"noreferrer noopener\">https:\/\/support.apple.com\/guide\/safari\/manage-cookies-and-website-data-sfri11471\/mac<\/a><\/li><\/ul>\n\n\n\n<p>F\u00fcr alle anderen Webbrowser besuchen Sie bitte die offiziellen Webseiten Ihres Webbrowsers.<\/p>\n\n\n\n<h2 class=\"wp-block-heading\">Kontaktieren Sie uns<\/h2>\n\n\n\n<p>Wenn Sie Fragen zu dieser Cookie-Richtlinie haben, k\u00f6nnen Sie uns <a href=\"https:\/\/booster.optimum-automotive.com\/de\/\">kontaktieren, indem Sie hier klicken<\/a>.<\/p>\n\n\n\n<div style=\"height:50px\" aria-hidden=\"true\" class=\"wp-block-spacer\"><\/div>","protected":false},"excerpt":{"rendered":"<p>L&rsquo;utilisation des Cookies Cette politique de cookies explique ce que sont les cookies et comment nous les utilisons.&nbsp;Vous devriez lire cette politique afin que vous puissiez comprendre quel type de cookies nous utilisons, ou les informations que nous collectons \u00e0 l&rsquo;aide de cookies et comment ces informations sont utilis\u00e9es. Les cookies ne contiennent g\u00e9n\u00e9ralement aucune [&hellip;]<\/p>","protected":false},"author":12,"featured_media":0,"parent":0,"menu_order":0,"comment_status":"closed","ping_status":"closed","template":"","meta":{"_coblocks_attr":"","_coblocks_dimensions":"","_coblocks_responsive_height":"","_coblocks_accordion_ie_support":"","_uag_custom_page_level_css":"","footnotes":""},"uagb_featured_image_src":{"full":false,"thumbnail":false,"medium":false,"medium_large":false,"large":false,"1536x1536":false,"2048x2048":false,"trp-custom-language-flag":false},"uagb_author_info":{"display_name":"Camaleon","author_link":"https:\/\/booster.optimum-automotive.com\/de\/author\/camaleon\/"},"uagb_comment_info":0,"uagb_excerpt":"L&rsquo;utilisation des Cookies Cette politique de cookies explique ce que sont les cookies et comment nous les utilisons.&nbsp;Vous devriez lire cette politique afin que vous puissiez comprendre quel type de cookies nous utilisons, ou les informations que nous collectons \u00e0 l&rsquo;aide de cookies et comment ces informations sont utilis\u00e9es. Les cookies ne contiennent g\u00e9n\u00e9ralement aucune&hellip;","_links":{"self":[{"href":"https:\/\/booster.optimum-automotive.com\/de\/wp-json\/wp\/v2\/pages\/206"}],"collection":[{"href":"https:\/\/booster.optimum-automotive.com\/de\/wp-json\/wp\/v2\/pages"}],"about":[{"href":"https:\/\/booster.optimum-automotive.com\/de\/wp-json\/wp\/v2\/types\/page"}],"author":[{"embeddable":true,"href":"https:\/\/booster.optimum-automotive.com\/de\/wp-json\/wp\/v2\/users\/12"}],"replies":[{"embeddable":true,"href":"https:\/\/booster.optimum-automotive.com\/de\/wp-json\/wp\/v2\/comments?post=206"}],"version-history":[{"count":4,"href":"https:\/\/booster.optimum-automotive.com\/de\/wp-json\/wp\/v2\/pages\/206\/revisions"}],"predecessor-version":[{"id":2963,"href":"https:\/\/booster.optimum-automotive.com\/de\/wp-json\/wp\/v2\/pages\/206\/revisions\/2963"}],"wp:attachment":[{"href":"https:\/\/booster.optimum-automotive.com\/de\/wp-json\/wp\/v2\/media?parent=206"}],"curies":[{"name":"wp","href":"https:\/\/api.w.org\/{rel}","templated":true}]}}