{"id":204,"date":"2020-02-11T16:32:33","date_gmt":"2020-02-11T15:32:33","guid":{"rendered":"https:\/\/mobility.optimum-automotive.com\/?page_id=204"},"modified":"2022-07-12T15:14:10","modified_gmt":"2022-07-12T13:14:10","slug":"conditions-generales-dutilisations","status":"publish","type":"page","link":"https:\/\/booster.optimum-automotive.com\/de\/conditions-generales-dutilisations\/","title":{"rendered":"Allgemeine Nutzungsbedingungen"},"content":{"rendered":"<p>Die vorliegenden \"Allgemeinen Nutzungsbedingungen\" dienen dem Zweck, die Modalit\u00e4ten der Bereitstellung der Dienste der Website und deren Nutzung durch den \"Nutzer\" rechtlich zu regeln. Die Allgemeinen Nutzungsbedingungen m\u00fcssen von jedem Nutzer, der auf die Website zugreifen m\u00f6chte, akzeptiert werden. Sie stellen den Vertrag zwischen der Website und dem Nutzer dar. Der Zugriff des Nutzers auf die Website bedeutet, dass er die vorliegenden Allgemeinen Nutzungsbedingungen akzeptiert. Wir behalten uns das Recht vor, den Inhalt der vorliegenden AGB jederzeit einseitig zu \u00e4ndern.<\/p>\n\n\n\n<h2 class=\"wp-block-heading\"> Definitionen <\/h2>\n\n\n\n<p>Diese Klausel hat den Zweck, die verschiedenen wesentlichen Begriffe des Vertrags zu definieren:<\/p>\n\n\n\n<ul><li>Nutzer: Dieser Begriff bezeichnet jede Person, die die Website oder einen der auf der Website angebotenen Dienste nutzt.<\/li><li>Benutzerinhalte: Dies sind die Daten, die vom Benutzer innerhalb der Website \u00fcbermittelt werden.<\/li><li>Mitglied: Der Nutzer wird Mitglied, wenn er auf der Website angemeldet ist.<\/li><li> E-Mail-Adresse und Passwort: Dies ist die Gesamtheit der Informationen, die zur Identifizierung eines Nutzers auf der Website erforderlich sind. Die E-Mail-Adresse und das Passwort erm\u00f6glichen dem Nutzer den Zugang zu Diensten, die den Mitgliedern der Website vorbehalten sind. Das Passwort ist vertraulich.<\/li><\/ul>\n\n\n\n<h2 class=\"wp-block-heading\">Zugang zu Diensten<\/h2>\n\n\n\n<p>Die Seite ist f\u00fcr jeden Nutzer mit Internetzugang an jedem Ort kostenlos zug\u00e4nglich. Alle Kosten, die dem Nutzer durch den Zugriff auf den Dienst entstehen (Hardware, Software, Internetverbindung usw.), gehen zu seinen Lasten. Je nachdem, was zutrifft: Der Nutzer, der kein Mitglied ist, hat keinen Zugang zu den Diensten, die den Mitgliedern vorbehalten sind. Hierf\u00fcr muss er sich mit seiner E-Mail-Adresse und seinem Passwort identifizieren. Die Website setzt alle ihr zur Verf\u00fcgung stehenden Mittel ein, um einen qualitativ hochwertigen Zugang zu ihren Diensten zu gew\u00e4hrleisten. Da es sich um eine Mittelverpflichtung handelt, verpflichtet sich die Website nicht, dieses Ergebnis zu erreichen. F\u00fcr Ereignisse, die auf h\u00f6here Gewalt zur\u00fcckzuf\u00fchren sind und eine St\u00f6rung des Netzes oder des Servers zur Folge haben, ist der Eigent\u00fcmer der Website nicht haftbar. Der Zugang zu den Diensten der Website kann jederzeit unterbrochen, ausgesetzt oder ohne Vorank\u00fcndigung f\u00fcr Wartungsarbeiten oder aus anderen Gr\u00fcnden ge\u00e4ndert werden. Der Nutzer verpflichtet sich, keine Entsch\u00e4digung aufgrund der Unterbrechung, Aussetzung oder \u00c4nderung des vorliegenden Vertrags zu fordern. Der Nutzer hat die M\u00f6glichkeit, den Betreiber der Website hier zu kontaktieren: <a href=\"https:\/\/booster.optimum-automotive.com\/de\/\">Kontakt<\/a><\/p>\n\n\n\n<h2 class=\"wp-block-heading\">Geistiges Eigentum<\/h2>\n\n\n\n<p>Die Marken, Logos, Zeichen und alle anderen Inhalte der Website sind durch das Gesetz \u00fcber geistiges Eigentum und insbesondere durch das Urheberrecht gesch\u00fctzt. Der Nutzer holt die vorherige Genehmigung der Website f\u00fcr jede Vervielf\u00e4ltigung, Ver\u00f6ffentlichung oder Kopie der verschiedenen Inhalte ein. Der Nutzer verpflichtet sich, die Inhalte der Website nur im privaten Rahmen zu nutzen. Eine Nutzung der Inhalte zu kommerziellen Zwecken ist strengstens untersagt. Der Nutzer tr\u00e4gt die alleinige Verantwortung f\u00fcr alle von ihm eingestellten Inhalte. Der Nutzer verpflichtet sich, keine Inhalte einzustellen, die den Interessen Dritter schaden k\u00f6nnten. Alle rechtlichen Schritte, die ein gesch\u00e4digter Dritter gegen die Website einleitet, werden vom Nutzer \u00fcbernommen. Die Inhalte des Nutzers k\u00f6nnen jederzeit und aus beliebigem Grund von der Seite gel\u00f6scht oder ge\u00e4ndert werden. Der Nutzer erh\u00e4lt keine Rechtfertigung oder Benachrichtigung vor der L\u00f6schung oder \u00c4nderung von Nutzerinhalten.<\/p>\n\n\n\n<h2 class=\"wp-block-heading\">Haftung und h\u00f6here Gewalt<\/h2>\n\n\n\n<p>Die Quellen der auf der Website verbreiteten Informationen gelten als zuverl\u00e4ssig. Die Website beh\u00e4lt sich jedoch das Recht vor, keine Gew\u00e4hr f\u00fcr die Zuverl\u00e4ssigkeit der Quellen zu \u00fcbernehmen. Die auf der Website bereitgestellten Informationen sind rein informativ. Daher \u00fcbernimmt der Nutzer die alleinige Verantwortung f\u00fcr die Nutzung der Informationen und Inhalte dieser Website. Der Nutzer stellt sicher, dass er sein Passwort geheim h\u00e4lt. Die Weitergabe des Passworts in jeglicher Form ist untersagt. Der Nutzer \u00fcbernimmt die Risiken, die mit der Verwendung seiner E-Mail-Adresse und seines Passworts verbunden sind. Die Website lehnt jede Haftung ab. Jede Nutzung des Dienstes durch den Nutzer, die direkt oder indirekt zu Sch\u00e4den f\u00fchrt, muss Gegenstand einer Entsch\u00e4digung zugunsten der Website sein. Eine optimale Garantie f\u00fcr die Sicherheit und Vertraulichkeit der \u00fcbermittelten Daten wird von der Website nicht gew\u00e4hrleistet. Die Website verpflichtet sich jedoch, alle notwendigen Mittel einzusetzen, um die Sicherheit und Vertraulichkeit der Daten bestm\u00f6glich zu gew\u00e4hrleisten. Die Website kann im Falle h\u00f6herer Gewalt oder unvorhersehbarer und un\u00fcberwindbarer Ereignisse eines Dritten nicht haftbar gemacht werden.<\/p>\n\n\n\n<h2 class=\"wp-block-heading\">Hyperlinks<\/h2>\n\n\n\n<p>Auf der Website befinden sich zahlreiche ausgehende Hyperlinks. F\u00fcr die Webseiten, zu denen diese Links f\u00fchren, ist jedoch in keiner Weise der Eigent\u00fcmer der Website verantwortlich, der keine Kontrolle \u00fcber diese Links hat. Der Nutzer darf daher nicht f\u00fcr den Inhalt und die Ressourcen dieser ausgehenden Hyperlinks haftbar gemacht werden. <\/p>\n\n\n\n<h2 class=\"wp-block-heading\">Entwicklung des Vertrags<\/h2>\n\n\n\n<p>Wir behalten uns das Recht vor, die in diesem Vertrag festgelegten Klauseln jederzeit zu \u00e4ndern. Die Laufzeit dieses Vertrags ist unbefristet. Der Vertrag ist f\u00fcr den Nutzer ab dem Zeitpunkt der Nutzung des Dienstes wirksam.<\/p>\n\n\n\n<h2 class=\"wp-block-heading\">Anwendbares Recht und zust\u00e4ndige Gerichtsbarkeit<\/h2>\n\n\n\n<p>F\u00fcr den vorliegenden Vertrag gilt das franz\u00f6sische Recht. Falls eine zwischen den Parteien entstandene Streitigkeit nicht g\u00fctlich beigelegt werden kann, sind ausschlie\u00dflich die Gerichte f\u00fcr die Entscheidung zust\u00e4ndig.<\/p>\n\n\n\n<div style=\"height:50px\" aria-hidden=\"true\" class=\"wp-block-spacer\"><\/div>","protected":false},"excerpt":{"rendered":"<p>Les pr\u00e9sentes \u00ab conditions g\u00e9n\u00e9rales d&rsquo;utilisation \u00bb ont pour objet l&rsquo;encadrement juridique des modalit\u00e9s de mise \u00e0 disposition des services du site internet et leur utilisation par \u00ab l&rsquo;Utilisateur \u00bb. Les conditions g\u00e9n\u00e9rales d&rsquo;utilisation doivent \u00eatre accept\u00e9es par tout Utilisateur souhaitant acc\u00e9der au site. Elles constituent le contrat entre le site et l&rsquo;Utilisateur. L\u2019acc\u00e8s au [&hellip;]<\/p>","protected":false},"author":12,"featured_media":0,"parent":0,"menu_order":0,"comment_status":"closed","ping_status":"closed","template":"","meta":{"_coblocks_attr":"","_coblocks_dimensions":"","_coblocks_responsive_height":"","_coblocks_accordion_ie_support":"","_uag_custom_page_level_css":"","footnotes":""},"uagb_featured_image_src":{"full":false,"thumbnail":false,"medium":false,"medium_large":false,"large":false,"1536x1536":false,"2048x2048":false,"trp-custom-language-flag":false},"uagb_author_info":{"display_name":"Camaleon","author_link":"https:\/\/booster.optimum-automotive.com\/de\/author\/camaleon\/"},"uagb_comment_info":0,"uagb_excerpt":"Les pr\u00e9sentes \u00ab conditions g\u00e9n\u00e9rales d&rsquo;utilisation \u00bb ont pour objet l&rsquo;encadrement juridique des modalit\u00e9s de mise \u00e0 disposition des services du site internet et leur utilisation par \u00ab l&rsquo;Utilisateur \u00bb. Les conditions g\u00e9n\u00e9rales d&rsquo;utilisation doivent \u00eatre accept\u00e9es par tout Utilisateur souhaitant acc\u00e9der au site. Elles constituent le contrat entre le site et l&rsquo;Utilisateur. L\u2019acc\u00e8s au&hellip;","_links":{"self":[{"href":"https:\/\/booster.optimum-automotive.com\/de\/wp-json\/wp\/v2\/pages\/204"}],"collection":[{"href":"https:\/\/booster.optimum-automotive.com\/de\/wp-json\/wp\/v2\/pages"}],"about":[{"href":"https:\/\/booster.optimum-automotive.com\/de\/wp-json\/wp\/v2\/types\/page"}],"author":[{"embeddable":true,"href":"https:\/\/booster.optimum-automotive.com\/de\/wp-json\/wp\/v2\/users\/12"}],"replies":[{"embeddable":true,"href":"https:\/\/booster.optimum-automotive.com\/de\/wp-json\/wp\/v2\/comments?post=204"}],"version-history":[{"count":3,"href":"https:\/\/booster.optimum-automotive.com\/de\/wp-json\/wp\/v2\/pages\/204\/revisions"}],"predecessor-version":[{"id":2961,"href":"https:\/\/booster.optimum-automotive.com\/de\/wp-json\/wp\/v2\/pages\/204\/revisions\/2961"}],"wp:attachment":[{"href":"https:\/\/booster.optimum-automotive.com\/de\/wp-json\/wp\/v2\/media?parent=204"}],"curies":[{"name":"wp","href":"https:\/\/api.w.org\/{rel}","templated":true}]}}